{"id":42,"date":"2025-07-24T08:32:21","date_gmt":"2025-07-24T08:32:21","guid":{"rendered":"http:\/\/casasruralesenventacantabria.com\/?page_id=42"},"modified":"2026-03-24T17:18:58","modified_gmt":"2026-03-24T17:18:58","slug":"one-page-express","status":"publish","type":"page","link":"https:\/\/casasruralesenventacantabria.com\/","title":{"rendered":"Front Page"},"content":{"rendered":"<div  id=\"la-propiedad\" class=\"about-big-images-section\" style=\"background-color: #ffffff;\" data-label=\"La propiedad\" data-id=\"about-big-images-section\" data-category=\"about\">\n<div  class=\"\">\n<div  class=\"about-big-images-textrow\">\n<div  class=\"about-big-images-textcol dynamic-color\" data-type=\"column\">\n<h3  class=\"\">La propiedad<\/h3>\n<p  class=\"\">1000m2 parcela\n<br >520m2 construidos (8 apartamentos + vivienda)<\/p>\n\n\n<div  class=\"spacer\" data-type=\"group\"><span  class=\"fa before\"><\/span><i  class=\"fa fa-bandcamp\"><\/i><span  class=\"fa after\"><\/span><\/div>\n<div  class=\"spacer\" data-type=\"group\"><\/div>\n<p  class=\"\">\nAntigua Casona c\u00e1ntabra de piedra, rehabilitada y reconvertida como establecimiento hotelero, con 8 confortables apartamentos r\u00fasticos completamente equipados, conservando el ambiente acogedor de la piedra y la madera originales, de diferentes capacidades:<\/p>\n<p  class=\"\">\nPlanta baja: Hall y 2 amplios apartamentos de dos dormitorios con patio y terraza<\/p>\n<p  class=\"\">Primera planta: 4 apartamentos de 1 dormitorio, 2 con terraza<\/p>\n<p  class=\"\">Segunda planta: 2 apartamentos de dos dormitorios<\/p>\n\n<div  class=\"spacer\" data-type=\"group\"><\/div>\n<div  class=\"spacer\" data-type=\"group\"><span  class=\"fa before\"><\/span><i  class=\"fa fa-bandcamp\"><\/i><span  class=\"fa after\"><\/span><\/div>\n<p  class=\"\">\nVivienda para los gestores\/propietarios en el jardin, de planta baja, dos dormitorios, con porche<\/p>\n\n<div  class=\"spacer\" data-type=\"group\"><span  class=\"fa before\"><\/span><i  class=\"fa fa-bandcamp\"><\/i><span  class=\"fa after\"><\/span><\/div>\n<div  class=\"spacer\" data-type=\"group\"><\/div>\n<p  class=\"\">\nJardin y zona de picnic<\/p>\n\n<div  class=\"spacer\" data-type=\"group\"><span  class=\"fa before\"><\/span><i  class=\"fa fa-bandcamp\"><\/i><span  class=\"fa after\"><\/span><\/div>\n<div  class=\"spacer\" data-type=\"group\"><\/div>\n<p  class=\"\">\nSal\u00f3n\/bar acristalado abierto al jardin con zona chillout (Honesty Room)<\/p>\n\n<div  class=\"spacer\" data-type=\"group\"><span  class=\"fa before\"><\/span><i  class=\"fa fa-bandcamp\"><\/i><span  class=\"fa after\"><\/span><\/div>\n<div  class=\"spacer\" data-type=\"group\"><\/div>\n<p  class=\"\">\nAparcamiento con&nbsp; 8 plazas con mando a distancia<\/p>\n\n<div  class=\"spacer\" data-type=\"group\"><span  class=\"fa before\"><\/span><i  class=\"fa fa-bandcamp\"><\/i><span  class=\"fa after\"><\/span><\/div>\n<div  class=\"spacer\" data-type=\"group\"><\/div>\n<p  class=\"\">\nCuarto de lavander\u00eda, aseo exterior y almac\u00e9n<\/p>\n\n<div  class=\"spacer\" data-type=\"group\"><span  class=\"fa before\"><\/span><i  class=\"fa fa-bandcamp\"><\/i><span  class=\"fa after\"><\/span><\/div>\n<div  class=\"spacer\" data-type=\"group\"><\/div>\n<p  class=\"\">\nCuarto con aperos&nbsp; y maquinaria&nbsp; de jardineria<\/p>\n\n<div  class=\"spacer\" data-type=\"group\"><\/div>\n<div  class=\"spacer\" data-type=\"group\"><span  class=\"fa before\"><\/span><i  class=\"fa fa-bandcamp\"><\/i><span  class=\"fa after\"><\/span><\/div>\n<p  class=\"\">\nCuarto de calderas y de equipamiento el\u00e9ctrico<\/p>\n\n<div  class=\"spacer\" data-type=\"group\"><\/div>\n<div  class=\"spacer\" data-type=\"group\"><\/div>\n<div  class=\"spacer\" data-type=\"group\"><span  class=\"fa before\"><\/span><i  class=\"fa fa-bandcamp\"><\/i><span  class=\"fa after\"><\/span><\/div><p  class=\"\">Todos los apartamentos y la vivienda tienen calefacci\u00f3n individual y portero autom\u00e1tico<\/p><div  class=\"spacer\" data-type=\"group\"><span  class=\"fa before\"><\/span><i  class=\"fa fa-bandcamp\"><\/i><span  class=\"fa after\"><\/span><\/div>\n<p  class=\"\">Instalaci\u00f3n de wifi por fibra \u00f3ptica en todo el recinto, con 5 repetidores<\/p><div  class=\"spacer\" data-type=\"group\"><span  class=\"fa before\"><\/span><i  class=\"fa fa-bandcamp\"><\/i><span  class=\"fa after\"><\/span><\/div><p  class=\"\">\nEXCELENTES CALIDADES DE CONSTRUCCION Y ACABADOS<\/p>\n<p  class=\"\">TODO SE ENTREGA AMUEBLADO Y CON TODOS LOS ELECTRODOMESTICOS Y ELEMENTOS NECESARIOS PARA CONTINAR DE FORMA INMEDIATA CON LA ACTIVIDAD HOTELERA<\/p>\n\n\n<div  class=\"spacer\" data-type=\"group\"><span  class=\"fa before\"><\/span><i  class=\"fa fa-bandcamp\"><\/i><span  class=\"fa after\"><\/span><\/div><\/div>\n<\/div>\n<\/div>\n<div  class=\"about-big-images-bottomrow\">\n<div  class=\"about-big-images-leftimgcol\"><img  decoding=\"async\" class=\"about-big-images-leftimg\" src=\"http:\/\/casasruralesenventacantabria.com\/wp-content\/uploads\/2025\/07\/VCTM-FOTO5-scaled.jpg\" alt=\"\"><\/div>\n<div  class=\"about-big-images-centerimgcol\"><img  decoding=\"async\" class=\"about-big-images-centerimg\" src=\"http:\/\/casasruralesenventacantabria.com\/wp-content\/uploads\/2025\/07\/CASONA-CARMEN-JARDIN-NOCHE-scaled-1.jpg\" alt=\"\"><\/div>\n<div  class=\"about-big-images-rightimgcol\"><img  decoding=\"async\" class=\"about-big-images-rightimg\" src=\"http:\/\/casasruralesenventacantabria.com\/wp-content\/uploads\/2025\/07\/VCTM-PRINCIPAL-VERTICAL.jpg\" alt=\"\"><\/div>\n<\/div>\n<\/div><div  data-label=\"Galeria de fotos\" data-id=\"stripped-coloured-icon-boxes\" data-category=\"overlapable\" class=\"features-coloured-icon-boxes-section stripped-coloured-icon-boxes\" data-overlap=\"true\" id=\"galeria-de-fotos\" style=\"background-color: rgb(255, 255, 255);\"> <div  class=\"\"> <div  class=\"features-coloured-icon-boxes-innerrow flexbox-list dark-text\" data-type=\"row\">  <div  class=\"features-coloured-icon-boxes-featurecol cp6cols\">  <h4  class=\"\">GALERIA DE FOTOS<\/h4>  <a  class=\"features-coloured-button\" href=\"https:\/\/casasruralesenventacantabria.com?page_id=365\" target=\"_blank\">VER GALERIA DE FOTOS<\/a> <div  class=\"spacer\" data-type=\"group\"><span  class=\"fa before\"><\/span><i  class=\"fa fa-bandcamp\" data-reiki-hidden=\"true\"><\/i><span  class=\"fa after\"><\/span><\/div><h5  class=\"\">M\u00e1s fotos y v\u00eddeos del establecimiento y de nuestro entorno en nuestras RRSS<\/h5><a  class=\"button blue\" href=\"https:\/\/www.instagram.com\/lacasonadelcarmen\" target=\"_blank\">Instagram<\/a><div  class=\"spacer\" data-type=\"group\"><span  class=\"fa before\"><\/span><i  class=\"fa fa-instagram\"><\/i><span  class=\"fa after\"><\/span><\/div><a  class=\"button blue\" href=\"https:\/\/www.facebook.com\/LaCasonaDelCarmen\" target=\"_blank\">Facebook<\/a><div  class=\"spacer\" data-type=\"group\"><span  class=\"fa before\"><\/span><i  class=\"fa fa-facebook-square\"><\/i><span  class=\"fa after\"><\/span><\/div><a  class=\"button blue\" href=\"https:\/\/www.tiktok.com\/@lacasonadelcarmen\" target=\"_blank\">Tik Tok<\/a><div  class=\"spacer\" data-type=\"group\"><span  class=\"fa before\"><\/span><i  class=\"fa fa-extra-tiktok\"><\/i><span  class=\"fa after\"><\/span><\/div><\/div>   <\/div> <\/div><\/div><div  id=\"el-negocio\" class=\"about-text-icons-section\" style=\"background-color: #f6f6f6;\" data-label=\"El negocio\" data-id=\"about-text-icons-section\" data-category=\"about\">\n<div  class=\"\">\n<div  class=\"about-text-icons-innerrow dynamic-color\">\n<div  class=\"about-text-icons-textcol\" data-type=\"column\">\n<h3  class=\"\">El Negocio<\/h3>\n<p  class=\"\">El negocio permanece abierto todo el a\u00f1o con una alta ocupaci\u00f3n, muy por encima de la ocupaci\u00f3n media de la zona<\/p>\n<p  class=\"\">Actualmente el establecimiento es l\u00edder y referente en Espa\u00f1a en turismo petfriendly, siendo reconocido con varios premios a&nbsp; nivel nacional<\/p>\n<p  class=\"\">Se encuentra en uno de los mayores destinos tur\u00edsticos del norte de Espa\u00f1a, que combina el turismo de playa con el turismo rural y de monta\u00f1a<\/p>\n\n<\/div>\n<div  class=\"about-text-icons-cols flexbox-list\">\n<div  class=\"about-text-icons-iconcol\"><i  class=\"font-icon-21 fa fa-users\" data-cp-fa=\"true\" data-reiki-hidden=\"true\"><\/i>\n<h4  class=\"\">Gran cartera de clientes fidelizados<\/h4>\n<p  class=\"\">Gran cantidad de clientes fidelizados que eligen todos los a\u00f1os el establecimiento<\/p>\n\n<\/div>\n<div  class=\"about-text-icons-iconcol\">\n<h4  class=\"\">Redes sociales<\/h4>\n<p  class=\"\">M\u00e1s de 30.000 seguidores en RRSS<\/p>\n\n<\/div>\n<div  class=\"about-text-icons-iconcol\">\n<h4  class=\"\">Gran prestigio online y de marca<\/h4>\n<p  class=\"\">Elevado prestigio online con una calificaci\u00f3n media muy por encima de sus competidores en Cantabria en la mayor\u00eda de sitios de opini\u00f3n y rese\u00f1as de internet<\/p>\n<a  href=\"#\" target=\"_self\" data-reiki-hidden=\"true\"><i  class=\"font-icon-20 fa fa-angle-double-right\" data-cp-fa=\"true\"><\/i>&nbsp;learn more<\/a>\n\n<\/div>\n<div  class=\"about-text-icons-iconcol\"><i  class=\"font-icon-21 fa fa-windows\" data-cp-fa=\"true\" data-reiki-hidden=\"true\"><\/i>\n<h4  class=\"\">P\u00e1gina web<\/h4>\n<p  class=\"\">P\u00e1gina web \u00f3ptima, moderna y con gran posicionamiento org\u00e1nico<\/p>\n\n<\/div>\n<\/div>\n<\/div>\n<\/div>\n<\/div><div  data-label=\"Por proxima jubilacion\" data-id=\"features-image-cards-section\" data-category=\"features\" class=\"features-image-cards-section\" style=\"background-color: rgb(255, 255, 255);\" id=\"por-proxima-jubilacion\">\n<div  class=\"\">\n<div  class=\"features-image-cards-textrow\">\n<div  class=\"features-image-cards-textcol dynamic-color\" data-type=\"column\">\n<h2  class=\"\">Por pr\u00f3xima jubilaci\u00f3n<\/h2>\n<img  decoding=\"async\" class=\"custom-image\" src=\"http:\/\/casasruralesenventacantabria.com\/wp-content\/uploads\/2025\/07\/VJTM-FOTO12-1.jpg\" alt=\"\">\n<p  class=\"\">Miguel (bi\u00f3logo, inform\u00e1tico de profesi\u00f3n, y con experiencia como entrenador canino) y Esther (Escuela Oficial de Turismo y ampl\u00edsima experiencia de m\u00e1s de 24 a\u00f1os en Paradores de Turismo de Espa\u00f1a), ambos madrile\u00f1os de nacimiento, y c\u00e1ntabros de adopci\u00f3n, hicimos realidad este proyecto. \n<br >Noja y La Casona nos enamoraron desde el primer momento en que los conocimos, y atr\u00e1s quedaron familia, amigos y la vida en nuestra ciudad para empezar una maravillosa aventura en Cantabria, que ha sido nuestro hogar durante m\u00e1s de 13 a\u00f1os. \n<br >No hemos dejado nunca de asombrarnos y sentirnos privilegiados de formar parte de este entorno, del mar Cant\u00e1brico, de los verdes valles y de las monta\u00f1as, de los pintorescos rincones y pueblos que atesora esta tierra, de sus gentes, de su gastronom\u00eda. \n<br >No es de extra\u00f1ar su alto valor tur\u00edstico y que sea un destino cada vez m\u00e1s elegido por todos los viajeros.<\/p>\n<p  class=\"\">\n<\/p><p  class=\"MsoNormal\">Pero ya se aproxima nuestra jubilaci\u00f3n, y queremos\ndedicarnos a nosotros mismos. Despu\u00e9s de muchos a\u00f1os a\u00f1os en los que hemos\nhecho realidad este proyecto, y hemos llevado este establecimiento a los\nactuales est\u00e1ndares de calidad y \u00e9xito que actualmente tiene, queremos pasar el testigo y retirarnos. \n<br >Ya es hora de dedicarnos a nosotros mismos y disfrutar de\nnuestro merecido y trabajado descanso. Es por eso que, no sin pena y con un nudo en la garganta, ponemos a la venta este gran sue\u00f1o que un d\u00eda se hizo realidad. \n<br >Pase lo que pase, seguro que seguiremos ligados para siempre a este lugar, verdadero para\u00edso en el norte de Espa\u00f1a , y que ha sido nuestro\nhogar durante buena parte de nuestras vidas<o  :p=\"\"><\/o><\/p>\n\n<\/div>\n<\/div>\n<div  class=\"features-image-cards-innerrow flexbox-list dark-text\" data-type=\"row\">\n<div  class=\"features-image-cards-cardcol cp4cols cp6cols-tablet\">\n<div  class=\"features-image-cards-cardrow\">\n<div  class=\"features-image-cards-cardtextrow\" data-type=\"column\"><\/div>\n<\/div>\n<\/div>\n<\/div>\n<\/div>\n<\/div><div  data-label=\"Opciones\" data-id=\"stripped-features-image-cards-section\" data-category=\"overlapable\" data-=\"\" class=\"features-image-cards-section stripped-features-image-cards-section\" data-overlap=\"true\" id=\"opciones\" style=\"background-color: rgb(246, 246, 246);\">\n<div  class=\"gridContainer\">\n<div  class=\"features-image-cards-innerrow flexbox-list\" data-type=\"row\">\n<div  class=\"features-image-cards-cardcol cp6cols-tablet cp3cols\">\n<div  class=\"features-image-cards-cardrow\">\n<div  class=\"features-image-cards-cardtextrow\" data-type=\"column\">\n<h4  class=\"\">Como negocio hotelero tradicional&nbsp;<\/h4>\n<p  class=\"\">Ideal para negocio hotelero tradicional y como forma diferente de vida. \n<br >Por su tama\u00f1o y carga de trabajo,&nbsp; y por existir una vivienda dentro del recinto, se trata del negocio&nbsp; ideal para parejas emprendedoras.\n<br >De hecho, ha sido nuestra forma de vida desde 2013 con buenos resultados<\/p>\n\n\n<hr  class=\"features-image-cards-separator\">\n\n<\/div>\n<\/div>\n<\/div>\n<div  class=\"features-image-cards-cardcol cp6cols-tablet cp3cols\">\n<div  class=\"features-image-cards-cardrow\">\n<div  class=\"features-image-cards-cardtextrow\" data-type=\"column\">\n<h4  class=\"\">Como inversi\u00f3n y negocio de alquileres tur\u00edsticos con gesti\u00f3n en remoto<\/h4>\n<p  class=\"\">Al tratarse de apartamentos completos e independientes, con cerraduras por c\u00f3digo puede convertirse en un negocio de alquileres tur\u00edsticos en remoto.<br >La vivienda de los gestores puede convertirse en otro alquiler tur\u00edstico m\u00e1s. \n<br >Es una inversi\u00f3n segura, al estar localizado en uno de los mayores destinos tur\u00edsticos del pa\u00eds.<\/p>\n\n\n<hr  class=\"features-image-cards-separator\">\n\n<\/div>\n<\/div>\n<\/div>\n<div  class=\"features-image-cards-cardcol cp6cols-tablet cp3cols\">\n<div  class=\"features-image-cards-cardrow\">\n<div  class=\"features-image-cards-cardtextrow\" data-type=\"column\">\n<h4  class=\"\">Como casa de vacaciones familiar<\/h4>\n<p  class=\"\">Ideal como casa de vacaciones familiar, por su disposici\u00f3n en apartamentos y por sus espacios comunes.<br >La&nbsp; privacidad e independencia que suponen los apartamentos hacen del complejo un lugar ideal tanto para los viajes privados de una \u00fanica unidad familiar, como para juntar a toda la familia, sin renunciar por ello a la privacidad de todos. \n<\/p>\n\n\n<hr  class=\"features-image-cards-separator\">\n\n<\/div>\n<\/div>\n<\/div>\n<div  class=\"features-image-cards-cardcol cp6cols-tablet cp3cols\">\n<div  class=\"features-image-cards-cardrow\">\n<div  class=\"features-image-cards-cardtextrow\" data-type=\"column\">\n<h4  class=\"\">Otros usos potenciales<\/h4>\n<p  class=\"\">Cohousing para diferentes colectivos.<br >\nAlquileres de larga duraci\u00f3n.<br >Segregaci\u00f3n de la finca en diferentes unidades registrales por cada&nbsp; apartamento<br >\u2026<br ><br >\n<\/p>\n\n\n<hr  class=\"features-image-cards-separator\">\n\n<\/div>\n<\/div>\n<\/div><\/div>\n<\/div>\n<\/div><div  data-label=\"conoce contacto y precio\" data-id=\"content-image-right\" data-category=\"content\" class=\"content-right-image-section content-image-right\" id=\"conoce-contacto-y-precio\" style=\"background-color: rgb(255, 255, 255);\">\n<div  class=\"\">\n<div  class=\"content-right-image-gridcol\">\n<div  class=\"content-right-image-textcol dynamic-color\" data-type=\"column\">\n<h2  class=\"\">Conoce mejor el establecimiento y su entorno accediendo a su p\u00e1gina web<\/h2>\n<div  class=\"spacer\" data-type=\"group\"><span  class=\"fa before\"><\/span><i  class=\"fa fa-bandcamp\"><\/i><span  class=\"fa after\"><\/span><\/div>\n<h4  class=\"\">CONTACTO<\/h4>\n<p  class=\"\">info@lacasonadelcarmen.com<\/p>\n<p  class=\"\">+34&nbsp; 619.144.927<\/p>\n\n<div  class=\"spacer\" data-type=\"group\"><span  class=\"fa before\"><\/span><i  class=\"fa fa-bandcamp\"><\/i><span  class=\"fa after\"><\/span><\/div>\n<\/div>\n<div  class=\"content-right-image-imgcol\" data-type=\"column\"> <img  decoding=\"async\" src=\"http:\/\/casasruralesenventacantabria.com\/wp-content\/uploads\/2025\/07\/Logotipo-e1708083121917.png\" class=\"\" alt=\"\">\n<p  class=\"\">&nbsp;&nbsp;<\/p>\n&nbsp;&nbsp;\n\n<a  class=\"button blue\" href=\"https:\/\/www.lacasonadelcarmen.com\/alojamiento-rural\" target=\"_blank\">PINCHA AQUI PARA ACCEDER A LA PAGINA WEB DE LA CASONA DEL CARMEN<\/a>\n<p  class=\"\">&nbsp;&nbsp;<\/p>\n&nbsp;\n<p  class=\"\">LA PROPIEDAD Y EL NEGOCIO SE VENDEN POR:<\/p>\n\n<p  class=\"\">1.450.000 \u20ac&nbsp; (precio para 2026)<\/p><\/div>\n<\/div>\n<\/div>\n<\/div>","protected":false},"excerpt":{"rendered":"<p>La propiedad 1000m2 parcela 520m2 construidos (8 apartamentos + vivienda) Antigua Casona c\u00e1ntabra de piedra, rehabilitada y reconvertida como establecimiento hotelero, con 8 confortables apartamentos r\u00fasticos completamente equipados, conservando el ambiente acogedor de la piedra y la madera originales, de diferentes capacidades: Planta baja: Hall y 2 amplios apartamentos de dos dormitorios con patio y&hellip; <br \/> <a class=\"button small blue\" href=\"https:\/\/casasruralesenventacantabria.com\/\">Leer m\u00e1s<\/a><\/p>\n","protected":false},"author":1,"featured_media":0,"parent":0,"menu_order":0,"comment_status":"closed","ping_status":"closed","template":"","meta":{"footnotes":""},"class_list":["post-42","page","type-page","status-publish","hentry"],"_links":{"self":[{"href":"https:\/\/casasruralesenventacantabria.com\/index.php?rest_route=\/wp\/v2\/pages\/42","targetHints":{"allow":["GET"]}}],"collection":[{"href":"https:\/\/casasruralesenventacantabria.com\/index.php?rest_route=\/wp\/v2\/pages"}],"about":[{"href":"https:\/\/casasruralesenventacantabria.com\/index.php?rest_route=\/wp\/v2\/types\/page"}],"author":[{"embeddable":true,"href":"https:\/\/casasruralesenventacantabria.com\/index.php?rest_route=\/wp\/v2\/users\/1"}],"replies":[{"embeddable":true,"href":"https:\/\/casasruralesenventacantabria.com\/index.php?rest_route=%2Fwp%2Fv2%2Fcomments&post=42"}],"version-history":[{"count":96,"href":"https:\/\/casasruralesenventacantabria.com\/index.php?rest_route=\/wp\/v2\/pages\/42\/revisions"}],"predecessor-version":[{"id":615,"href":"https:\/\/casasruralesenventacantabria.com\/index.php?rest_route=\/wp\/v2\/pages\/42\/revisions\/615"}],"wp:attachment":[{"href":"https:\/\/casasruralesenventacantabria.com\/index.php?rest_route=%2Fwp%2Fv2%2Fmedia&parent=42"}],"curies":[{"name":"wp","href":"https:\/\/api.w.org\/{rel}","templated":true}]}}